{"id":29,"date":"2025-10-14T12:00:45","date_gmt":"2025-10-14T12:00:45","guid":{"rendered":"https:\/\/bakracrestoran.com\/index.php\/hikayemiz\/"},"modified":"2025-10-24T06:55:19","modified_gmt":"2025-10-24T06:55:19","slug":"hikayemiz","status":"publish","type":"page","link":"https:\/\/bakracrestoran.com\/index.php\/hikayemiz\/","title":{"rendered":"Hikayemiz"},"content":{"rendered":"\t\t<div data-elementor-type=\"wp-page\" data-elementor-id=\"29\" class=\"elementor elementor-29\" data-elementor-post-type=\"page\">\n\t\t\t\t<div class=\"elementor-element elementor-element-292ac7cd e-flex e-con-boxed e-con e-parent\" data-id=\"292ac7cd\" data-element_type=\"container\" data-e-type=\"container\">\n\t\t\t\t\t<div class=\"e-con-inner\">\n\t\t<div class=\"elementor-element elementor-element-677fd924 e-con-full e-flex e-con e-child\" data-id=\"677fd924\" data-element_type=\"container\" data-e-type=\"container\">\n\t\t\t\t<div class=\"elementor-element elementor-element-415aa298 elementor-widget__width-inherit elementor-invisible elementor-widget elementor-widget-text-editor\" data-id=\"415aa298\" data-element_type=\"widget\" data-e-type=\"widget\" data-settings=\"{&quot;_animation&quot;:&quot;fadeIn&quot;}\" data-widget_type=\"text-editor.default\">\n\t\t\t\t\t\t\t\t\tBizi Tan\u0131y\u0131n\t\t\t\t\t\t\t\t<\/div>\n\t\t\t\t<div class=\"elementor-element elementor-element-7ea616a9 elementor-invisible elementor-widget elementor-widget-heading\" data-id=\"7ea616a9\" data-element_type=\"widget\" data-e-type=\"widget\" data-settings=\"{&quot;_animation&quot;:&quot;fadeIn&quot;,&quot;_animation_delay&quot;:200}\" data-widget_type=\"heading.default\">\n\t\t\t\t\t<h2 class=\"elementor-heading-title elementor-size-default\">Bakra\u00e7 Restoran, Yemek Deneyiminin \u00d6tesinde  Anlamlar Ta\u015f\u0131yor<\/h2>\t\t\t\t<\/div>\n\t\t\t\t<\/div>\n\t\t\t\t<div class=\"elementor-element elementor-element-41ab4b6 elementor-widget__width-initial elementor-invisible elementor-widget elementor-widget-text-editor\" data-id=\"41ab4b6\" data-element_type=\"widget\" data-e-type=\"widget\" data-settings=\"{&quot;_animation&quot;:&quot;fadeIn&quot;,&quot;_animation_delay&quot;:400}\" data-widget_type=\"text-editor.default\">\n\t\t\t\t\t\t\t\t\t<p>Bakra\u00e7 Restoran, misafirlerine sadece bir yemek deneyimi sunmuyor; her bir lezzet, do\u011fan\u0131n d\u00f6ng\u00fcs\u00fcne ve y\u00f6remizin derin geleneklerine dair anlamlar ta\u015f\u0131yor. Yeni bir ba\u015flang\u0131\u00e7, taze bir ke\u015fif gibi sofram\u0131zda her tat, do\u011fan\u0131n e\u015fsiz tazeli\u011fini ve y\u00f6resel bereketini yans\u0131t\u0131yor.<\/p><p><br \/>Restoran\u0131m\u0131zda, \u2018\u00e7okluk i\u00e7inde birlik\u2019 anlay\u0131\u015f\u0131yla bir araya gelen tatlar, sadece insanl\u0131\u011f\u0131n ve do\u011fan\u0131n de\u011fil, ayn\u0131 zamanda geleneksel de\u011ferlerimizin de birle\u015fimini temsil ediyor. Farkl\u0131 k\u00fclt\u00fcrlerden gelen tatlar ve y\u00f6resel lezzetler, birlikte var olman\u0131n g\u00fczelli\u011fini sofram\u0131zda bulu\u015fturuyor.<\/p><p>\u00a0<\/p><p>Bu anlay\u0131\u015ftan ilham alarak sizleri de geleneksel ve sa\u011fl\u0131kl\u0131 lezzetlerle dolu bir yolculu\u011fa \u00e7\u0131kmaya davet ediyoruz.<\/p>\t\t\t\t\t\t\t\t<\/div>\n\t\t\t\t<div class=\"elementor-element elementor-element-1645b5fb elementor-widget__width-initial elementor-invisible elementor-widget elementor-widget-text-editor\" data-id=\"1645b5fb\" data-element_type=\"widget\" data-e-type=\"widget\" data-settings=\"{&quot;_animation&quot;:&quot;fadeIn&quot;,&quot;_animation_delay&quot;:500}\" data-widget_type=\"text-editor.default\">\n\t\t\t\t\t\t\t\t\t<p>Hep birlikte, do\u011fan\u0131n d\u00f6ng\u00fcs\u00fcnden, ge\u00e7mi\u015fin miras\u0131ndan ve gelece\u011fin umutlar\u0131ndan beslenen bir sofrada bulu\u015fal\u0131m.<\/p>\t\t\t\t\t\t\t\t<\/div>\n\t\t\t\t\t<\/div>\n\t\t\t\t<\/div>\n\t\t<div class=\"elementor-element elementor-element-c09246a e-flex e-con-boxed e-con e-parent\" data-id=\"c09246a\" data-element_type=\"container\" data-e-type=\"container\" data-settings=\"{&quot;background_background&quot;:&quot;classic&quot;}\">\n\t\t\t\t\t<div class=\"e-con-inner\">\n\t\t<div class=\"elementor-element elementor-element-743658bd e-con-full e-flex e-con e-child\" data-id=\"743658bd\" data-element_type=\"container\" data-e-type=\"container\">\n\t\t<div class=\"elementor-element elementor-element-3f8f7d41 e-con-full e-flex e-con e-child\" data-id=\"3f8f7d41\" data-element_type=\"container\" data-e-type=\"container\">\n\t\t\t\t<div class=\"elementor-element elementor-element-1c46f4fb elementor-invisible elementor-widget elementor-widget-heading\" data-id=\"1c46f4fb\" data-element_type=\"widget\" data-e-type=\"widget\" data-settings=\"{&quot;_animation&quot;:&quot;fadeIn&quot;,&quot;_animation_delay&quot;:200}\" data-widget_type=\"heading.default\">\n\t\t\t\t\t<h2 class=\"elementor-heading-title elementor-size-default\">Modern Lezzetlerin Yorumland\u0131\u011f\u0131 Bir Sofra<\/h2>\t\t\t\t<\/div>\n\t\t\t\t<div class=\"elementor-element elementor-element-58b339be elementor-widget__width-initial elementor-invisible elementor-widget elementor-widget-text-editor\" data-id=\"58b339be\" data-element_type=\"widget\" data-e-type=\"widget\" data-settings=\"{&quot;_animation&quot;:&quot;fadeIn&quot;,&quot;_animation_delay&quot;:400}\" data-widget_type=\"text-editor.default\">\n\t\t\t\t\t\t\t\t\t<p>Bakra\u00e7 Restoran, geleneksel mutfak k\u00fclt\u00fcr\u00fcn\u00fc modern dokunu\u015flarla yeniden yorumlayan bir lezzet dura\u011f\u0131d\u0131r. Her tabakta yerel malzemelerin do\u011fall\u0131\u011f\u0131, \u00e7a\u011fda\u015f sunumlarla bulu\u015fur. \u015eeflerimiz, Ege\u2019nin taze \u00fcr\u00fcnlerini \u00f6zg\u00fcn tariflerle harmanlayarak hem g\u00f6ze hem dama\u011fa hitap eden bir gastronomi deneyimi sunar.<\/p><p><br data-start=\"378\" data-end=\"381\" \/>Modern mutfak teknikleriyle \u015fekillenen bu lezzet yolculu\u011funda, ge\u00e7mi\u015fin tatlar\u0131n\u0131 bug\u00fcn\u00fcn esteti\u011fiyle yeniden ke\u015ffedin.<\/p>\t\t\t\t\t\t\t\t<\/div>\n\t\t\t\t<\/div>\n\t\t<div class=\"elementor-element elementor-element-61489dfb e-con-full e-flex e-con e-child\" data-id=\"61489dfb\" data-element_type=\"container\" data-e-type=\"container\">\n\t\t\t\t<div class=\"elementor-element elementor-element-263060a3 elementor-invisible elementor-widget elementor-widget-image\" data-id=\"263060a3\" data-element_type=\"widget\" data-e-type=\"widget\" data-settings=\"{&quot;_animation&quot;:&quot;fadeIn&quot;}\" data-widget_type=\"image.default\">\n\t\t\t\t\t\t\t\t\t\t\t\t\t\t\t<img fetchpriority=\"high\" decoding=\"async\" width=\"683\" height=\"1024\" src=\"https:\/\/bakracrestoran.com\/wp-content\/uploads\/2025\/10\/DSCF0331-2-683x1024-1.jpg\" class=\"attachment-large size-large wp-image-67\" alt=\"\" srcset=\"https:\/\/bakracrestoran.com\/wp-content\/uploads\/2025\/10\/DSCF0331-2-683x1024-1.jpg 683w, https:\/\/bakracrestoran.com\/wp-content\/uploads\/2025\/10\/DSCF0331-2-683x1024-1-200x300.jpg 200w\" sizes=\"(max-width: 683px) 100vw, 683px\" \/>\t\t\t\t\t\t\t\t\t\t\t\t\t\t\t<\/div>\n\t\t\t\t<\/div>\n\t\t\t\t<\/div>\n\t\t<div class=\"elementor-element elementor-element-79185a73 e-con-full e-flex e-con e-child\" data-id=\"79185a73\" data-element_type=\"container\" data-e-type=\"container\">\n\t\t<div class=\"elementor-element elementor-element-21c04b2b e-con-full e-flex e-con e-child\" data-id=\"21c04b2b\" data-element_type=\"container\" data-e-type=\"container\">\n\t\t\t\t<div class=\"elementor-element elementor-element-116af635 elementor-invisible elementor-widget elementor-widget-image\" data-id=\"116af635\" data-element_type=\"widget\" data-e-type=\"widget\" data-settings=\"{&quot;_animation&quot;:&quot;fadeIn&quot;}\" data-widget_type=\"image.default\">\n\t\t\t\t\t\t\t\t\t\t\t\t\t\t\t<img decoding=\"async\" width=\"883\" height=\"1024\" src=\"https:\/\/bakracrestoran.com\/wp-content\/uploads\/2025\/10\/S\u0327efimizin-o\u0308zenle-hazirladig\u0306i-lezzet-Bakrac\u0327-Tava\u2728-e1760445239511-883x1024.jpg\" class=\"attachment-large size-large wp-image-96\" alt=\"\" srcset=\"https:\/\/bakracrestoran.com\/wp-content\/uploads\/2025\/10\/S\u0327efimizin-o\u0308zenle-hazirladig\u0306i-lezzet-Bakrac\u0327-Tava\u2728-e1760445239511-883x1024.jpg 883w, https:\/\/bakracrestoran.com\/wp-content\/uploads\/2025\/10\/S\u0327efimizin-o\u0308zenle-hazirladig\u0306i-lezzet-Bakrac\u0327-Tava\u2728-e1760445239511-259x300.jpg 259w, https:\/\/bakracrestoran.com\/wp-content\/uploads\/2025\/10\/S\u0327efimizin-o\u0308zenle-hazirladig\u0306i-lezzet-Bakrac\u0327-Tava\u2728-e1760445239511-768x891.jpg 768w, https:\/\/bakracrestoran.com\/wp-content\/uploads\/2025\/10\/S\u0327efimizin-o\u0308zenle-hazirladig\u0306i-lezzet-Bakrac\u0327-Tava\u2728-e1760445239511.jpg 1080w\" sizes=\"(max-width: 883px) 100vw, 883px\" \/>\t\t\t\t\t\t\t\t\t\t\t\t\t\t\t<\/div>\n\t\t\t\t<\/div>\n\t\t<div class=\"elementor-element elementor-element-6f9182e2 e-con-full e-flex e-con e-child\" data-id=\"6f9182e2\" data-element_type=\"container\" data-e-type=\"container\">\n\t\t\t\t<div class=\"elementor-element elementor-element-7f42d836 elementor-invisible elementor-widget elementor-widget-heading\" data-id=\"7f42d836\" data-element_type=\"widget\" data-e-type=\"widget\" data-settings=\"{&quot;_animation&quot;:&quot;fadeIn&quot;,&quot;_animation_delay&quot;:200}\" data-widget_type=\"heading.default\">\n\t\t\t\t\t<h2 class=\"elementor-heading-title elementor-size-default\">Bakra\u00e7 Tava<\/h2>\t\t\t\t<\/div>\n\t\t\t\t<div class=\"elementor-element elementor-element-1472f30a elementor-widget__width-initial elementor-invisible elementor-widget elementor-widget-text-editor\" data-id=\"1472f30a\" data-element_type=\"widget\" data-e-type=\"widget\" data-settings=\"{&quot;_animation&quot;:&quot;fadeIn&quot;,&quot;_animation_delay&quot;:400}\" data-widget_type=\"text-editor.default\">\n\t\t\t\t\t\t\t\t\t<p>Eskiden Anadolu\u2019da yemekler odun ate\u015finde, bak\u0131r kaplarda a\u011f\u0131r a\u011f\u0131r pi\u015ferdi. \u00dcst\u00fc hamurla kapat\u0131lan tava, yeme\u011fin s\u0131rr\u0131n\u0131 saklard\u0131. A\u00e7\u0131ld\u0131\u011f\u0131 an ise sofrada bayram ba\u015flard\u0131. Biz de bu gelene\u011fi ya\u015fat\u0131yor, Bakra\u00e7 Tava ile ge\u00e7mi\u015fin lezzetini bug\u00fcne ta\u015f\u0131yoruz. Hamurla m\u00fch\u00fcrlenen et, kendi buhar\u0131nda pi\u015ferek yumu\u015fac\u0131k olur ve e\u015fsiz bir aroma kazan\u0131r. Kapak a\u00e7\u0131ld\u0131\u011f\u0131nda y\u00fckselen buhar, Anadolu sofralar\u0131n\u0131n s\u0131cakl\u0131\u011f\u0131n\u0131 ve payla\u015fman\u0131n ruhunu ta\u015f\u0131r.<br \/><br \/>Bakra\u00e7 Tava, sadece bir yemek de\u011fil; ge\u00e7mi\u015fle bug\u00fcn\u00fcn bulu\u015ftu\u011fu bir hikayedir.<\/p>\t\t\t\t\t\t\t\t<\/div>\n\t\t\t\t<\/div>\n\t\t\t\t<\/div>\n\t\t\t\t\t<\/div>\n\t\t\t\t<\/div>\n\t\t<div class=\"elementor-element elementor-element-4aca1885 e-con-full e-flex e-con e-parent\" data-id=\"4aca1885\" data-element_type=\"container\" data-e-type=\"container\">\n\t\t<div class=\"elementor-element elementor-element-4826b83f e-flex e-con-boxed elementor-invisible e-con e-child\" data-id=\"4826b83f\" data-element_type=\"container\" data-e-type=\"container\" data-settings=\"{&quot;background_background&quot;:&quot;classic&quot;,&quot;animation&quot;:&quot;fadeIn&quot;}\">\n\t\t\t\t\t<div class=\"e-con-inner\">\n\t\t\t\t<div class=\"elementor-element elementor-element-349b9eca elementor-widget__width-initial elementor-invisible elementor-widget elementor-widget-heading\" data-id=\"349b9eca\" data-element_type=\"widget\" data-e-type=\"widget\" data-settings=\"{&quot;_animation&quot;:&quot;fadeIn&quot;,&quot;_animation_delay&quot;:200}\" data-widget_type=\"heading.default\">\n\t\t\t\t\t<h1 class=\"elementor-heading-title elementor-size-default\">Lezzeti Yerinde Deneyin<\/h1>\t\t\t\t<\/div>\n\t\t\t\t<div class=\"elementor-element elementor-element-1285fa74 elementor-widget__width-initial elementor-invisible elementor-widget elementor-widget-text-editor\" data-id=\"1285fa74\" data-element_type=\"widget\" data-e-type=\"widget\" data-settings=\"{&quot;_animation&quot;:&quot;fadeIn&quot;,&quot;_animation_delay&quot;:400}\" data-widget_type=\"text-editor.default\">\n\t\t\t\t\t\t\t\t\tBakra\u00e7 Restoran\u2019da modern mutfa\u011f\u0131n en \u00f6zel yorumlar\u0131n\u0131 ke\u015ffedin.\nRezervasyonunuzu \u015fimdi olu\u015fturun, bu e\u015fsiz deneyimi ka\u00e7\u0131rmay\u0131n.\t\t\t\t\t\t\t\t<\/div>\n\t\t<div class=\"elementor-element elementor-element-14ca8871 e-con-full e-flex e-con e-child\" data-id=\"14ca8871\" data-element_type=\"container\" data-e-type=\"container\">\n\t\t\t\t<div class=\"elementor-element elementor-element-10c84f62 elementor-invisible elementor-widget elementor-widget-button\" data-id=\"10c84f62\" data-element_type=\"widget\" data-e-type=\"widget\" data-settings=\"{&quot;_animation&quot;:&quot;fadeIn&quot;,&quot;_animation_delay&quot;:500}\" data-widget_type=\"button.default\">\n\t\t\t\t\t\t\t\t\t\t<a class=\"elementor-button elementor-button-link elementor-size-sm\" href=\"#\">\n\t\t\t\t\t\t<span class=\"elementor-button-content-wrapper\">\n\t\t\t\t\t\t\t\t\t<span class=\"elementor-button-text\">Rezervasyon Olu\u015ftur<\/span>\n\t\t\t\t\t<\/span>\n\t\t\t\t\t<\/a>\n\t\t\t\t\t\t\t\t<\/div>\n\t\t\t\t<\/div>\n\t\t\t\t\t<\/div>\n\t\t\t\t<\/div>\n\t\t\t\t<\/div>\n\t\t\t\t<\/div>\n\t\t","protected":false},"excerpt":{"rendered":"<p>Bizi Tan\u0131y\u0131n Bakra\u00e7 Restoran, Yemek Deneyiminin \u00d6tesinde Anlamlar Ta\u015f\u0131yor Bakra\u00e7 Restoran, misafirlerine sadece bir yemek deneyimi sunmuyor; her bir lezzet, do\u011fan\u0131n d\u00f6ng\u00fcs\u00fcne ve y\u00f6remizin derin geleneklerine dair anlamlar ta\u015f\u0131yor. Yeni bir ba\u015flang\u0131\u00e7, taze bir ke\u015fif gibi sofram\u0131zda her tat, do\u011fan\u0131n e\u015fsiz tazeli\u011fini ve y\u00f6resel bereketini yans\u0131t\u0131yor. Restoran\u0131m\u0131zda, \u2018\u00e7okluk i\u00e7inde birlik\u2019 anlay\u0131\u015f\u0131yla bir araya gelen tatlar, [&hellip;]<\/p>\n","protected":false},"author":1,"featured_media":0,"parent":0,"menu_order":0,"comment_status":"closed","ping_status":"closed","template":"elementor_header_footer","meta":{"footnotes":""},"class_list":["post-29","page","type-page","status-publish","hentry"],"_links":{"self":[{"href":"https:\/\/bakracrestoran.com\/index.php\/wp-json\/wp\/v2\/pages\/29","targetHints":{"allow":["GET"]}}],"collection":[{"href":"https:\/\/bakracrestoran.com\/index.php\/wp-json\/wp\/v2\/pages"}],"about":[{"href":"https:\/\/bakracrestoran.com\/index.php\/wp-json\/wp\/v2\/types\/page"}],"author":[{"embeddable":true,"href":"https:\/\/bakracrestoran.com\/index.php\/wp-json\/wp\/v2\/users\/1"}],"replies":[{"embeddable":true,"href":"https:\/\/bakracrestoran.com\/index.php\/wp-json\/wp\/v2\/comments?post=29"}],"version-history":[{"count":0,"href":"https:\/\/bakracrestoran.com\/index.php\/wp-json\/wp\/v2\/pages\/29\/revisions"}],"wp:attachment":[{"href":"https:\/\/bakracrestoran.com\/index.php\/wp-json\/wp\/v2\/media?parent=29"}],"curies":[{"name":"wp","href":"https:\/\/api.w.org\/{rel}","templated":true}]}}